{"id":317,"date":"2020-11-16T21:15:40","date_gmt":"2020-11-17T02:15:40","guid":{"rendered":"https:\/\/www.couponvillage.ca\/?page_id=317"},"modified":"2021-04-01T13:11:07","modified_gmt":"2021-04-01T17:11:07","slug":"membres-coupons-et-offres","status":"publish","type":"page","link":"https:\/\/www.couponvillage.ca\/fr\/membres-coupons-et-offres\/","title":{"rendered":"Coupons et rabais pour les membres"},"content":{"rendered":"\n<style type=\"text\/css\" data-created_by=\"avia_inline_auto\" id=\"style-css-av-av_heading-a68693977dec83f1e42c11f2d49dc550\">\n#top .av-special-heading.av-av_heading-a68693977dec83f1e42c11f2d49dc550{\npadding-bottom:10px;\n}\nbody .av-special-heading.av-av_heading-a68693977dec83f1e42c11f2d49dc550 .av-special-heading-tag .heading-char{\nfont-size:25px;\n}\n.av-special-heading.av-av_heading-a68693977dec83f1e42c11f2d49dc550 .av-subheading{\nfont-size:15px;\n}\n<\/style>\n<div  class='av-special-heading av-av_heading-a68693977dec83f1e42c11f2d49dc550 av-special-heading-h3  avia-builder-el-0  el_before_av_textblock  avia-builder-el-first '><h3 class='av-special-heading-tag '  itemprop=\"headline\"  >Coupons pour les membres<\/h3><div class=\"special-heading-border\"><div class=\"special-heading-inner-border\"><\/div><\/div><\/div>\n<section  class='av_textblock_section av-khlcewko-7e97fe797b58b2df884d68efecf09e90 '   itemscope=\"itemscope\" itemtype=\"https:\/\/schema.org\/CreativeWork\" ><div class='avia_textblock'  itemprop=\"text\" ><p>Merci de vous joindre \u00e0 nos membres qui valorisent le soutien au magasinage et \u00e0 l&rsquo;achat local! N&rsquo;h\u00e9sitez pas \u00e0 parcourir notre liste de commer\u00e7ants disponibles dans notre programme.<\/p>\n<\/div><\/section>\n\n<section  class='av_textblock_section av-khlcfegg-ab8531401a022ae7c44d2cfed410c4fb '   itemscope=\"itemscope\" itemtype=\"https:\/\/schema.org\/CreativeWork\" ><div class='avia_textblock'  itemprop=\"text\" ><p>Vous avez une question? Consultez notre <a href=\"https:\/\/www.couponvillage.ca\/fr\/faq\/\">FAQ<\/a>.<\/p>\n<\/div><\/section>\n","protected":false},"excerpt":{"rendered":"","protected":false},"author":1,"featured_media":0,"parent":0,"menu_order":0,"comment_status":"closed","ping_status":"closed","template":"","meta":{"footnotes":""},"class_list":["post-317","page","type-page","status-publish","hentry"],"yoast_head":"<!-- This site is optimized with the Yoast SEO plugin v26.8 - https:\/\/yoast.com\/product\/yoast-seo-wordpress\/ -->\n<title>Coupons et rabais pour les membres - Coupon Village<\/title>\n<meta name=\"robots\" content=\"index, follow, max-snippet:-1, max-image-preview:large, max-video-preview:-1\" \/>\n<link rel=\"canonical\" href=\"https:\/\/www.couponvillage.ca\/fr\/membres-coupons-et-offres\/\" \/>\n<meta property=\"og:locale\" content=\"fr_FR\" \/>\n<meta property=\"og:type\" content=\"article\" \/>\n<meta property=\"og:title\" content=\"Coupons et rabais pour les membres - Coupon Village\" \/>\n<meta property=\"og:url\" content=\"https:\/\/www.couponvillage.ca\/fr\/membres-coupons-et-offres\/\" \/>\n<meta property=\"og:site_name\" content=\"Coupon Village\" \/>\n<meta property=\"article:modified_time\" content=\"2021-04-01T17:11:07+00:00\" \/>\n<meta name=\"twitter:card\" content=\"summary_large_image\" \/>\n<meta name=\"twitter:label1\" content=\"Dur\u00e9e de lecture estim\u00e9e\" \/>\n\t<meta name=\"twitter:data1\" content=\"1 minute\" \/>\n<script type=\"application\/ld+json\" class=\"yoast-schema-graph\">{\"@context\":\"https:\/\/schema.org\",\"@graph\":[{\"@type\":\"WebPage\",\"@id\":\"https:\/\/www.couponvillage.ca\/fr\/membres-coupons-et-offres\/\",\"url\":\"https:\/\/www.couponvillage.ca\/fr\/membres-coupons-et-offres\/\",\"name\":\"Coupons et rabais pour les membres - Coupon Village\",\"isPartOf\":{\"@id\":\"https:\/\/www.couponvillage.ca\/fr\/#website\"},\"datePublished\":\"2020-11-17T02:15:40+00:00\",\"dateModified\":\"2021-04-01T17:11:07+00:00\",\"breadcrumb\":{\"@id\":\"https:\/\/www.couponvillage.ca\/fr\/membres-coupons-et-offres\/#breadcrumb\"},\"inLanguage\":\"fr-FR\",\"potentialAction\":[{\"@type\":\"ReadAction\",\"target\":[\"https:\/\/www.couponvillage.ca\/fr\/membres-coupons-et-offres\/\"]}]},{\"@type\":\"BreadcrumbList\",\"@id\":\"https:\/\/www.couponvillage.ca\/fr\/membres-coupons-et-offres\/#breadcrumb\",\"itemListElement\":[{\"@type\":\"ListItem\",\"position\":1,\"name\":\"Home\",\"item\":\"https:\/\/www.couponvillage.ca\/fr\/\"},{\"@type\":\"ListItem\",\"position\":2,\"name\":\"Coupons et rabais pour les membres\"}]},{\"@type\":\"WebSite\",\"@id\":\"https:\/\/www.couponvillage.ca\/fr\/#website\",\"url\":\"https:\/\/www.couponvillage.ca\/fr\/\",\"name\":\"Coupon Village\",\"description\":\"Local Coupon Savings for the Monkland Village\",\"publisher\":{\"@id\":\"https:\/\/www.couponvillage.ca\/fr\/#organization\"},\"potentialAction\":[{\"@type\":\"SearchAction\",\"target\":{\"@type\":\"EntryPoint\",\"urlTemplate\":\"https:\/\/www.couponvillage.ca\/fr\/?s={search_term_string}\"},\"query-input\":{\"@type\":\"PropertyValueSpecification\",\"valueRequired\":true,\"valueName\":\"search_term_string\"}}],\"inLanguage\":\"fr-FR\"},{\"@type\":\"Organization\",\"@id\":\"https:\/\/www.couponvillage.ca\/fr\/#organization\",\"name\":\"Coupon Village\",\"url\":\"https:\/\/www.couponvillage.ca\/fr\/\",\"logo\":{\"@type\":\"ImageObject\",\"inLanguage\":\"fr-FR\",\"@id\":\"https:\/\/www.couponvillage.ca\/fr\/#\/schema\/logo\/image\/\",\"url\":\"https:\/\/www.couponvillage.ca\/wp-content\/uploads\/2020\/11\/Coupon-Village-H-Background-Red-PNG.png\",\"contentUrl\":\"https:\/\/www.couponvillage.ca\/wp-content\/uploads\/2020\/11\/Coupon-Village-H-Background-Red-PNG.png\",\"width\":727,\"height\":313,\"caption\":\"Coupon Village\"},\"image\":{\"@id\":\"https:\/\/www.couponvillage.ca\/fr\/#\/schema\/logo\/image\/\"}}]}<\/script>\n<!-- \/ Yoast SEO plugin. -->","yoast_head_json":{"title":"Coupons et rabais pour les membres - Coupon Village","robots":{"index":"index","follow":"follow","max-snippet":"max-snippet:-1","max-image-preview":"max-image-preview:large","max-video-preview":"max-video-preview:-1"},"canonical":"https:\/\/www.couponvillage.ca\/fr\/membres-coupons-et-offres\/","og_locale":"fr_FR","og_type":"article","og_title":"Coupons et rabais pour les membres - Coupon Village","og_url":"https:\/\/www.couponvillage.ca\/fr\/membres-coupons-et-offres\/","og_site_name":"Coupon Village","article_modified_time":"2021-04-01T17:11:07+00:00","twitter_card":"summary_large_image","twitter_misc":{"Dur\u00e9e de lecture estim\u00e9e":"1 minute"},"schema":{"@context":"https:\/\/schema.org","@graph":[{"@type":"WebPage","@id":"https:\/\/www.couponvillage.ca\/fr\/membres-coupons-et-offres\/","url":"https:\/\/www.couponvillage.ca\/fr\/membres-coupons-et-offres\/","name":"Coupons et rabais pour les membres - Coupon Village","isPartOf":{"@id":"https:\/\/www.couponvillage.ca\/fr\/#website"},"datePublished":"2020-11-17T02:15:40+00:00","dateModified":"2021-04-01T17:11:07+00:00","breadcrumb":{"@id":"https:\/\/www.couponvillage.ca\/fr\/membres-coupons-et-offres\/#breadcrumb"},"inLanguage":"fr-FR","potentialAction":[{"@type":"ReadAction","target":["https:\/\/www.couponvillage.ca\/fr\/membres-coupons-et-offres\/"]}]},{"@type":"BreadcrumbList","@id":"https:\/\/www.couponvillage.ca\/fr\/membres-coupons-et-offres\/#breadcrumb","itemListElement":[{"@type":"ListItem","position":1,"name":"Home","item":"https:\/\/www.couponvillage.ca\/fr\/"},{"@type":"ListItem","position":2,"name":"Coupons et rabais pour les membres"}]},{"@type":"WebSite","@id":"https:\/\/www.couponvillage.ca\/fr\/#website","url":"https:\/\/www.couponvillage.ca\/fr\/","name":"Coupon Village","description":"Local Coupon Savings for the Monkland Village","publisher":{"@id":"https:\/\/www.couponvillage.ca\/fr\/#organization"},"potentialAction":[{"@type":"SearchAction","target":{"@type":"EntryPoint","urlTemplate":"https:\/\/www.couponvillage.ca\/fr\/?s={search_term_string}"},"query-input":{"@type":"PropertyValueSpecification","valueRequired":true,"valueName":"search_term_string"}}],"inLanguage":"fr-FR"},{"@type":"Organization","@id":"https:\/\/www.couponvillage.ca\/fr\/#organization","name":"Coupon Village","url":"https:\/\/www.couponvillage.ca\/fr\/","logo":{"@type":"ImageObject","inLanguage":"fr-FR","@id":"https:\/\/www.couponvillage.ca\/fr\/#\/schema\/logo\/image\/","url":"https:\/\/www.couponvillage.ca\/wp-content\/uploads\/2020\/11\/Coupon-Village-H-Background-Red-PNG.png","contentUrl":"https:\/\/www.couponvillage.ca\/wp-content\/uploads\/2020\/11\/Coupon-Village-H-Background-Red-PNG.png","width":727,"height":313,"caption":"Coupon Village"},"image":{"@id":"https:\/\/www.couponvillage.ca\/fr\/#\/schema\/logo\/image\/"}}]}},"_links":{"self":[{"href":"https:\/\/www.couponvillage.ca\/fr\/wp-json\/wp\/v2\/pages\/317","targetHints":{"allow":["GET"]}}],"collection":[{"href":"https:\/\/www.couponvillage.ca\/fr\/wp-json\/wp\/v2\/pages"}],"about":[{"href":"https:\/\/www.couponvillage.ca\/fr\/wp-json\/wp\/v2\/types\/page"}],"author":[{"embeddable":true,"href":"https:\/\/www.couponvillage.ca\/fr\/wp-json\/wp\/v2\/users\/1"}],"replies":[{"embeddable":true,"href":"https:\/\/www.couponvillage.ca\/fr\/wp-json\/wp\/v2\/comments?post=317"}],"version-history":[{"count":8,"href":"https:\/\/www.couponvillage.ca\/fr\/wp-json\/wp\/v2\/pages\/317\/revisions"}],"predecessor-version":[{"id":713,"href":"https:\/\/www.couponvillage.ca\/fr\/wp-json\/wp\/v2\/pages\/317\/revisions\/713"}],"wp:attachment":[{"href":"https:\/\/www.couponvillage.ca\/fr\/wp-json\/wp\/v2\/media?parent=317"}],"curies":[{"name":"wp","href":"https:\/\/api.w.org\/{rel}","templated":true}]}}