{"id":310,"date":"2020-11-16T21:12:13","date_gmt":"2020-11-17T02:12:13","guid":{"rendered":"https:\/\/www.couponvillage.ca\/?page_id=310"},"modified":"2021-04-01T13:10:58","modified_gmt":"2021-04-01T17:10:58","slug":"coupons-et-offres","status":"publish","type":"page","link":"https:\/\/www.couponvillage.ca\/fr\/coupons-et-offres\/","title":{"rendered":"Coupons et rabais"},"content":{"rendered":"\n<style type=\"text\/css\" data-created_by=\"avia_inline_auto\" id=\"style-css-av-avxsz-717eefd841a4f5bd8bc7a60fafb5fc08\">\n#top .av-special-heading.av-avxsz-717eefd841a4f5bd8bc7a60fafb5fc08{\npadding-bottom:10px;\n}\nbody .av-special-heading.av-avxsz-717eefd841a4f5bd8bc7a60fafb5fc08 .av-special-heading-tag .heading-char{\nfont-size:25px;\n}\n.av-special-heading.av-avxsz-717eefd841a4f5bd8bc7a60fafb5fc08 .av-subheading{\nfont-size:15px;\n}\n<\/style>\n<div  class='av-special-heading av-avxsz-717eefd841a4f5bd8bc7a60fafb5fc08 av-special-heading-h3  avia-builder-el-0  el_before_av_textblock  avia-builder-el-first '><h3 class='av-special-heading-tag '  itemprop=\"headline\"  >Coupons et rabais<\/h3><div class=\"special-heading-border\"><div class=\"special-heading-inner-border\"><\/div><\/div><\/div>\n<section  class='av_textblock_section av-khlc37n6-48415a290d1b7c08fc2b57d9e2ed5c22 '   itemscope=\"itemscope\" itemtype=\"https:\/\/schema.org\/CreativeWork\" ><div class='avia_textblock'  itemprop=\"text\" ><p>N&rsquo;h\u00e9sitez pas \u00e0 consulter notre liste de marchands du Village Monkland et de NDG avant de vous <a href=\"https:\/\/www.couponvillage.ca\/fr\/subscription-options\/\">abonner<\/a> \u00e0 Coupon Village.<\/p>\n<p>Saviez-vous que l&rsquo;adh\u00e9sion est gratuite pour les commer\u00e7ants?  La raison pour laquelle nous faisons cela est que les entreprises locales peuvent vous faire b\u00e9n\u00e9ficier des meilleures \u00e9conomies! Lorsque vous vous abonnez \u00e0 Coupon Village, toutes les recettes servent \u00e0 promouvoir le commer\u00e7ant et \u00e0 vous faire b\u00e9n\u00e9ficier d&rsquo;\u00e9conomies suppl\u00e9mentaires lorsque vous allez manger dans votre restaurant local pr\u00e9f\u00e9r\u00e9, achetez des services ou faites du magasinage!<\/p>\n<div  class='avia-button-wrap av-7l8nn-882c7f0e0fcdc0c7b02d6a3a9804fd61-wrap avia-button-center  avia-builder-el-2  avia-builder-el-no-sibling '><a href='https:\/\/www.couponvillage.ca\/fr\/subscription-options\/'  class='avia-button av-7l8nn-882c7f0e0fcdc0c7b02d6a3a9804fd61 av-link-btn avia-icon_select-yes-left-icon avia-size-small avia-position-center avia-color-theme-color'   aria-label=\"S\u2019abonner\"><span class='avia_button_icon avia_button_icon_left avia-iconfont avia-font-entypo-fontello' data-av_icon='\ue827' data-av_iconfont='entypo-fontello' ><\/span><span class='avia_iconbox_title' >S\u2019abonner<\/span><\/a><\/div>\n<\/div><\/section>\n\n<style type=\"text\/css\" data-created_by=\"avia_inline_auto\" id=\"style-css-av-khlc5md5-03c10226ff7f57404ec2f631e0e3ff48\">\n.avia-logo-element-container.av-khlc5md5-03c10226ff7f57404ec2f631e0e3ff48 .av-partner-fake-img{\nbackground-size:cover;\n}\n<\/style>\n<div  class='avia-logo-element-container av-khlc5md5-03c10226ff7f57404ec2f631e0e3ff48 avia-logo-grid avia-content-slider avia-smallarrow-slider avia-content-grid-active noHover avia-content-slider-odd  avia-builder-el-3  el_after_av_textblock  el_before_av_textblock  avia-content-slider1' ><div class='avia-smallarrow-slider-heading '><div class='new-special-heading'><h3 class='av-logo-special-heading-text '>Commer\u00e7ants en vedette<\/h3><\/div><\/div><div class=\"avia-content-slider-inner\"><div class=\"slide-entry-wrap\"><div  class='slide-entry av-iq37n-084fb8de5351d1277fd0dfa4b8792651 flex_column no_margin av_one_third real-thumbnail post-entry slide-entry-overview slide-loop-1 slide-parity-odd  first'><span class='av-partner-fake-img' style='padding-bottom:43.053645116919%; background-image:url(https:\/\/www.couponvillage.ca\/wp-content\/uploads\/2020\/11\/Coupon-Village-H-Black-PNG.png);'><\/span><\/div><div  class='slide-entry av-fiyx7-bb9b9dad1703c966cf33def2e57bf669 flex_column no_margin av_one_third real-thumbnail post-entry slide-entry-overview slide-loop-2 slide-parity-even post-entry-last '><span class='av-partner-fake-img' style='padding-bottom:43.053645116919%; background-image:url(https:\/\/www.couponvillage.ca\/wp-content\/uploads\/2020\/11\/Coupon-Village-H-Color-PNG.png);'><\/span><\/div><\/div><\/div><\/div>\n<section  class='av_textblock_section av-khlc77sp-09032833af3c2d324e1be28560898f6b '   itemscope=\"itemscope\" itemtype=\"https:\/\/schema.org\/CreativeWork\" ><div class='avia_textblock'  itemprop=\"text\" ><p>Abonnez-vous d\u00e8s maintenant pour avoir acc\u00e8s \u00e0 ces offres locales exceptionnelles et \u00e9conomiser sur tous vos achats locaux. Notre communaut\u00e9 d&rsquo;entreprises locales a besoin de notre soutien pour continuer \u00e0 fonctionner en ces temps difficiles.<\/p>\n<div  class='avia-button-wrap av-7l8nn-882c7f0e0fcdc0c7b02d6a3a9804fd61-wrap avia-button-center  avia-builder-el-5  avia-builder-el-no-sibling '><a href='https:\/\/www.couponvillage.ca\/fr\/subscription-options\/'  class='avia-button av-7l8nn-882c7f0e0fcdc0c7b02d6a3a9804fd61 av-link-btn avia-icon_select-yes-left-icon avia-size-small avia-position-center avia-color-theme-color'   aria-label=\"S\u2019abonner\"><span class='avia_button_icon avia_button_icon_left avia-iconfont avia-font-entypo-fontello' data-av_icon='\ue827' data-av_iconfont='entypo-fontello' ><\/span><span class='avia_iconbox_title' >S\u2019abonner<\/span><\/a><\/div>\n<\/div><\/section>\n<section  class='av_textblock_section av-khlc8bgg-c9c8e28c34aaf894799683f32e713e0e '   itemscope=\"itemscope\" itemtype=\"https:\/\/schema.org\/CreativeWork\" ><div class='avia_textblock'  itemprop=\"text\" ><p>Vous souhaitez que votre produit ou service soit pr\u00e9sent\u00e9 ici? <a href=\"https:\/\/www.couponvillage.ca\/fr\/informations-marchands\/\">Inscrivez-vous d\u00e8s aujourd&rsquo;hui pour devenir un commer\u00e7ant<\/a>.<\/p>\n<\/div><\/section>\n<section  class='av_textblock_section av-khlc8vi5-d9b195b54c0fbcd4794fb4f591860c04 '   itemscope=\"itemscope\" itemtype=\"https:\/\/schema.org\/CreativeWork\" ><div class='avia_textblock'  itemprop=\"text\" ><p>Vous avez des questions? Consultez notre <a href=\"https:\/\/www.couponvillage.ca\/fr\/faq\/\">FAQ<\/a>.<\/p>\n<\/div><\/section>\n","protected":false},"excerpt":{"rendered":"","protected":false},"author":1,"featured_media":0,"parent":0,"menu_order":0,"comment_status":"closed","ping_status":"closed","template":"","meta":{"footnotes":""},"class_list":["post-310","page","type-page","status-publish","hentry"],"yoast_head":"<!-- This site is optimized with the Yoast SEO plugin v26.8 - https:\/\/yoast.com\/product\/yoast-seo-wordpress\/ -->\n<title>Coupons et rabais - Coupon Village<\/title>\n<meta name=\"robots\" content=\"index, follow, max-snippet:-1, max-image-preview:large, max-video-preview:-1\" \/>\n<link rel=\"canonical\" href=\"https:\/\/www.couponvillage.ca\/fr\/coupons-et-offres\/\" \/>\n<meta property=\"og:locale\" content=\"fr_FR\" \/>\n<meta property=\"og:type\" content=\"article\" \/>\n<meta property=\"og:title\" content=\"Coupons et rabais - Coupon Village\" \/>\n<meta property=\"og:url\" content=\"https:\/\/www.couponvillage.ca\/fr\/coupons-et-offres\/\" \/>\n<meta property=\"og:site_name\" content=\"Coupon Village\" \/>\n<meta property=\"article:modified_time\" content=\"2021-04-01T17:10:58+00:00\" \/>\n<meta name=\"twitter:card\" content=\"summary_large_image\" \/>\n<meta name=\"twitter:label1\" content=\"Dur\u00e9e de lecture estim\u00e9e\" \/>\n\t<meta name=\"twitter:data1\" content=\"3 minutes\" \/>\n<script type=\"application\/ld+json\" class=\"yoast-schema-graph\">{\"@context\":\"https:\/\/schema.org\",\"@graph\":[{\"@type\":\"WebPage\",\"@id\":\"https:\/\/www.couponvillage.ca\/fr\/coupons-et-offres\/\",\"url\":\"https:\/\/www.couponvillage.ca\/fr\/coupons-et-offres\/\",\"name\":\"Coupons et rabais - Coupon Village\",\"isPartOf\":{\"@id\":\"https:\/\/www.couponvillage.ca\/fr\/#website\"},\"datePublished\":\"2020-11-17T02:12:13+00:00\",\"dateModified\":\"2021-04-01T17:10:58+00:00\",\"breadcrumb\":{\"@id\":\"https:\/\/www.couponvillage.ca\/fr\/coupons-et-offres\/#breadcrumb\"},\"inLanguage\":\"fr-FR\",\"potentialAction\":[{\"@type\":\"ReadAction\",\"target\":[\"https:\/\/www.couponvillage.ca\/fr\/coupons-et-offres\/\"]}]},{\"@type\":\"BreadcrumbList\",\"@id\":\"https:\/\/www.couponvillage.ca\/fr\/coupons-et-offres\/#breadcrumb\",\"itemListElement\":[{\"@type\":\"ListItem\",\"position\":1,\"name\":\"Home\",\"item\":\"https:\/\/www.couponvillage.ca\/fr\/\"},{\"@type\":\"ListItem\",\"position\":2,\"name\":\"Coupons et rabais\"}]},{\"@type\":\"WebSite\",\"@id\":\"https:\/\/www.couponvillage.ca\/fr\/#website\",\"url\":\"https:\/\/www.couponvillage.ca\/fr\/\",\"name\":\"Coupon Village\",\"description\":\"Local Coupon Savings for the Monkland Village\",\"publisher\":{\"@id\":\"https:\/\/www.couponvillage.ca\/fr\/#organization\"},\"potentialAction\":[{\"@type\":\"SearchAction\",\"target\":{\"@type\":\"EntryPoint\",\"urlTemplate\":\"https:\/\/www.couponvillage.ca\/fr\/?s={search_term_string}\"},\"query-input\":{\"@type\":\"PropertyValueSpecification\",\"valueRequired\":true,\"valueName\":\"search_term_string\"}}],\"inLanguage\":\"fr-FR\"},{\"@type\":\"Organization\",\"@id\":\"https:\/\/www.couponvillage.ca\/fr\/#organization\",\"name\":\"Coupon Village\",\"url\":\"https:\/\/www.couponvillage.ca\/fr\/\",\"logo\":{\"@type\":\"ImageObject\",\"inLanguage\":\"fr-FR\",\"@id\":\"https:\/\/www.couponvillage.ca\/fr\/#\/schema\/logo\/image\/\",\"url\":\"https:\/\/www.couponvillage.ca\/wp-content\/uploads\/2020\/11\/Coupon-Village-H-Background-Red-PNG.png\",\"contentUrl\":\"https:\/\/www.couponvillage.ca\/wp-content\/uploads\/2020\/11\/Coupon-Village-H-Background-Red-PNG.png\",\"width\":727,\"height\":313,\"caption\":\"Coupon Village\"},\"image\":{\"@id\":\"https:\/\/www.couponvillage.ca\/fr\/#\/schema\/logo\/image\/\"}}]}<\/script>\n<!-- \/ Yoast SEO plugin. -->","yoast_head_json":{"title":"Coupons et rabais - Coupon Village","robots":{"index":"index","follow":"follow","max-snippet":"max-snippet:-1","max-image-preview":"max-image-preview:large","max-video-preview":"max-video-preview:-1"},"canonical":"https:\/\/www.couponvillage.ca\/fr\/coupons-et-offres\/","og_locale":"fr_FR","og_type":"article","og_title":"Coupons et rabais - Coupon Village","og_url":"https:\/\/www.couponvillage.ca\/fr\/coupons-et-offres\/","og_site_name":"Coupon Village","article_modified_time":"2021-04-01T17:10:58+00:00","twitter_card":"summary_large_image","twitter_misc":{"Dur\u00e9e de lecture estim\u00e9e":"3 minutes"},"schema":{"@context":"https:\/\/schema.org","@graph":[{"@type":"WebPage","@id":"https:\/\/www.couponvillage.ca\/fr\/coupons-et-offres\/","url":"https:\/\/www.couponvillage.ca\/fr\/coupons-et-offres\/","name":"Coupons et rabais - Coupon Village","isPartOf":{"@id":"https:\/\/www.couponvillage.ca\/fr\/#website"},"datePublished":"2020-11-17T02:12:13+00:00","dateModified":"2021-04-01T17:10:58+00:00","breadcrumb":{"@id":"https:\/\/www.couponvillage.ca\/fr\/coupons-et-offres\/#breadcrumb"},"inLanguage":"fr-FR","potentialAction":[{"@type":"ReadAction","target":["https:\/\/www.couponvillage.ca\/fr\/coupons-et-offres\/"]}]},{"@type":"BreadcrumbList","@id":"https:\/\/www.couponvillage.ca\/fr\/coupons-et-offres\/#breadcrumb","itemListElement":[{"@type":"ListItem","position":1,"name":"Home","item":"https:\/\/www.couponvillage.ca\/fr\/"},{"@type":"ListItem","position":2,"name":"Coupons et rabais"}]},{"@type":"WebSite","@id":"https:\/\/www.couponvillage.ca\/fr\/#website","url":"https:\/\/www.couponvillage.ca\/fr\/","name":"Coupon Village","description":"Local Coupon Savings for the Monkland Village","publisher":{"@id":"https:\/\/www.couponvillage.ca\/fr\/#organization"},"potentialAction":[{"@type":"SearchAction","target":{"@type":"EntryPoint","urlTemplate":"https:\/\/www.couponvillage.ca\/fr\/?s={search_term_string}"},"query-input":{"@type":"PropertyValueSpecification","valueRequired":true,"valueName":"search_term_string"}}],"inLanguage":"fr-FR"},{"@type":"Organization","@id":"https:\/\/www.couponvillage.ca\/fr\/#organization","name":"Coupon Village","url":"https:\/\/www.couponvillage.ca\/fr\/","logo":{"@type":"ImageObject","inLanguage":"fr-FR","@id":"https:\/\/www.couponvillage.ca\/fr\/#\/schema\/logo\/image\/","url":"https:\/\/www.couponvillage.ca\/wp-content\/uploads\/2020\/11\/Coupon-Village-H-Background-Red-PNG.png","contentUrl":"https:\/\/www.couponvillage.ca\/wp-content\/uploads\/2020\/11\/Coupon-Village-H-Background-Red-PNG.png","width":727,"height":313,"caption":"Coupon Village"},"image":{"@id":"https:\/\/www.couponvillage.ca\/fr\/#\/schema\/logo\/image\/"}}]}},"_links":{"self":[{"href":"https:\/\/www.couponvillage.ca\/fr\/wp-json\/wp\/v2\/pages\/310","targetHints":{"allow":["GET"]}}],"collection":[{"href":"https:\/\/www.couponvillage.ca\/fr\/wp-json\/wp\/v2\/pages"}],"about":[{"href":"https:\/\/www.couponvillage.ca\/fr\/wp-json\/wp\/v2\/types\/page"}],"author":[{"embeddable":true,"href":"https:\/\/www.couponvillage.ca\/fr\/wp-json\/wp\/v2\/users\/1"}],"replies":[{"embeddable":true,"href":"https:\/\/www.couponvillage.ca\/fr\/wp-json\/wp\/v2\/comments?post=310"}],"version-history":[{"count":7,"href":"https:\/\/www.couponvillage.ca\/fr\/wp-json\/wp\/v2\/pages\/310\/revisions"}],"predecessor-version":[{"id":710,"href":"https:\/\/www.couponvillage.ca\/fr\/wp-json\/wp\/v2\/pages\/310\/revisions\/710"}],"wp:attachment":[{"href":"https:\/\/www.couponvillage.ca\/fr\/wp-json\/wp\/v2\/media?parent=310"}],"curies":[{"name":"wp","href":"https:\/\/api.w.org\/{rel}","templated":true}]}}