{"id":292,"date":"2020-11-16T20:49:04","date_gmt":"2020-11-17T01:49:04","guid":{"rendered":"https:\/\/www.couponvillage.ca\/?page_id=292"},"modified":"2021-04-16T15:18:00","modified_gmt":"2021-04-16T19:18:00","slug":"subscription-options","status":"publish","type":"page","link":"https:\/\/www.couponvillage.ca\/fr\/subscription-options\/","title":{"rendered":"Options d&rsquo;abonnement"},"content":{"rendered":"<div id='layer_slider_1'  class='avia-layerslider main_color avia-shadow  avia-builder-el-0  el_before_av_one_full  avia-builder-el-first  container_wrap sidebar_right'  style='height: 809px;'  ><\/div><div id='after_layer_slider_1'  class='main_color av_default_container_wrap container_wrap sidebar_right'  ><div class='container av-section-cont-open' ><div class='template-page content  av-content-small alpha units'><div class='post-entry post-entry-type-page post-entry-292'><div class='entry-content-wrapper clearfix'>\n<div class='flex_column_table av-klcip5kb-3f9ae5d6a7d00c099e3697c22f75faea sc-av_one_full av-equal-height-column-flextable'>\n<style type=\"text\/css\" data-created_by=\"avia_inline_auto\" id=\"style-css-av-klcip5kb-3f9ae5d6a7d00c099e3697c22f75faea\">\n.flex_column.av-klcip5kb-3f9ae5d6a7d00c099e3697c22f75faea{\nborder-radius:0px 0px 0px 0px;\npadding:5% 5% 5% 5%;\n}\n<\/style>\n<div  class='flex_column av-klcip5kb-3f9ae5d6a7d00c099e3697c22f75faea av_one_full  avia-builder-el-1  el_after_av_layerslider  el_before_av_one_half  avia-builder-el-first  first flex_column_table_cell av-equal-height-column av-align-top  '     ><p>\n<style type=\"text\/css\" data-created_by=\"avia_inline_auto\" id=\"style-css-av-av_heading-9be620abd3de2ee5e5cd989bc9f52858\">\n#top .av-special-heading.av-av_heading-9be620abd3de2ee5e5cd989bc9f52858{\npadding-bottom:10px;\n}\nbody .av-special-heading.av-av_heading-9be620abd3de2ee5e5cd989bc9f52858 .av-special-heading-tag .heading-char{\nfont-size:25px;\n}\n.av-special-heading.av-av_heading-9be620abd3de2ee5e5cd989bc9f52858 .av-subheading{\nfont-size:15px;\n}\n<\/style>\n<div  class='av-special-heading av-av_heading-9be620abd3de2ee5e5cd989bc9f52858 av-special-heading-h2 blockquote modern-quote modern-centered  avia-builder-el-2  el_before_av_hr  avia-builder-el-first '><h2 class='av-special-heading-tag '  itemprop=\"headline\"  >Pr\u00e9parez-vous \u00e0 achater local et \u00e0 \u00e9conomiser en vous abonnant \u00e0 Coupon Village.<\/h2><div class=\"special-heading-border\"><div class=\"special-heading-inner-border\"><\/div><\/div><\/div><br \/>\n\n<style type=\"text\/css\" data-created_by=\"avia_inline_auto\" id=\"style-css-av-klcjgu47-2619948bf9551c7f14781e5a838d8758\">\n#top .hr.hr-invisible.av-klcjgu47-2619948bf9551c7f14781e5a838d8758{\nheight:25px;\n}\n<\/style>\n<div  class='hr av-klcjgu47-2619948bf9551c7f14781e5a838d8758 hr-invisible  avia-builder-el-3  el_after_av_heading  el_before_av_iconlist '><span class='hr-inner '><span class=\"hr-inner-style\"><\/span><\/span><\/div><br \/>\n\n<style type=\"text\/css\" data-created_by=\"avia_inline_auto\" id=\"style-css-av-klcj6o81-ccba8e86d7d98747f25b6b7c71b6b911\">\n#top .avia-icon-list-container.av-klcj6o81-ccba8e86d7d98747f25b6b7c71b6b911 .iconlist_icon{\ncolor:#ffffff;\nbackground-color:#9f1254;\nborder:1px solid #9f1254;\n}\n#top .avia-icon-list-container.av-klcj6o81-ccba8e86d7d98747f25b6b7c71b6b911 .iconlist_icon svg:first-child{\nstroke:#ffffff;\nfill:#ffffff;\n}\n#top #wrap_all .avia-icon-list-container.av-klcj6o81-ccba8e86d7d98747f25b6b7c71b6b911 .av_iconlist_title{\ncolor:#9f1254;\n}\n<\/style>\n<div  class='avia-icon-list-container av-klcj6o81-ccba8e86d7d98747f25b6b7c71b6b911  avia-builder-el-4  el_after_av_hr  el_before_av_button '><ul class='avia-icon-list avia_animate_when_almost_visible avia-icon-list-left av-iconlist-big av-klcj6o81-ccba8e86d7d98747f25b6b7c71b6b911 avia-iconlist-animate'>\n<li><div class='iconlist_icon av-3q6gr-9a9db0c8a06a8418818c67ac0c87a74d avia-font-entypo-fontello avia-iconfont avia-font-entypo-fontello'><span class='av-icon-char' data-av_icon='\ue812' data-av_iconfont='entypo-fontello' aria-hidden=\"true\"><\/span><\/div><article class=\"article-icon-entry av-iconlist-empty\"  itemscope=\"itemscope\" itemtype=\"https:\/\/schema.org\/CreativeWork\" ><div class=\"iconlist_content_wrap\"><header class=\"entry-content-header\" aria-label=\"Ic\u00f4ne : Acc\u00e9dez aux promotions et aux offres sp\u00e9ciales locales du Village Monkland et des autres commer\u00e7ants de NDG.\"><h4 class='av_iconlist_title iconlist_title  av_inherit_color'  itemprop=\"headline\" >Acc\u00e9dez aux promotions et aux offres sp\u00e9ciales locales du Village Monkland et des autres commer\u00e7ants de NDG.<\/h4><\/header><div class='iconlist_content '  itemprop=\"text\" ><\/div><\/div><footer class=\"entry-footer\"><\/footer><\/article><div class=\"iconlist-timeline\"><\/div><\/li>\n<li><div class='iconlist_icon av-z2e7f-5df79a15bd7a7451410610a70e9f9c2e avia-font-entypo-fontello avia-iconfont avia-font-entypo-fontello'><span class='av-icon-char' data-av_icon='\ue812' data-av_iconfont='entypo-fontello' aria-hidden=\"true\"><\/span><\/div><article class=\"article-icon-entry av-iconlist-empty\"  itemscope=\"itemscope\" itemtype=\"https:\/\/schema.org\/CreativeWork\" ><div class=\"iconlist_content_wrap\"><header class=\"entry-content-header\" aria-label=\"Ic\u00f4ne : \u00c9conomisez des centaines de dollars en achetant local\"><h4 class='av_iconlist_title iconlist_title  av_inherit_color'  itemprop=\"headline\" >\u00c9conomisez des centaines de dollars en achetant local<\/h4><\/header><div class='iconlist_content '  itemprop=\"text\" ><\/div><\/div><footer class=\"entry-footer\"><\/footer><\/article><div class=\"iconlist-timeline\"><\/div><\/li>\n<li><div class='iconlist_icon av-qqrxv-2069591a2ef89975eb753344bd4afb43 avia-font-entypo-fontello avia-iconfont avia-font-entypo-fontello'><span class='av-icon-char' data-av_icon='\ue812' data-av_iconfont='entypo-fontello' aria-hidden=\"true\"><\/span><\/div><article class=\"article-icon-entry av-iconlist-empty\"  itemscope=\"itemscope\" itemtype=\"https:\/\/schema.org\/CreativeWork\" ><div class=\"iconlist_content_wrap\"><header class=\"entry-content-header\" aria-label=\"Ic\u00f4ne : Soutenez les commerces locaux et aidez-les \u00e0 rester ouverts\"><h4 class='av_iconlist_title iconlist_title  av_inherit_color'  itemprop=\"headline\" >Soutenez les commerces locaux et aidez-les \u00e0 rester ouverts<\/h4><\/header><div class='iconlist_content '  itemprop=\"text\" ><\/div><\/div><footer class=\"entry-footer\"><\/footer><\/article><div class=\"iconlist-timeline\"><\/div><\/li>\n<li><div class='iconlist_icon av-iyifn-eb5b3e644b384bde0bae29fabac8690c avia-font-entypo-fontello avia-iconfont avia-font-entypo-fontello'><span class='av-icon-char' data-av_icon='\ue812' data-av_iconfont='entypo-fontello' aria-hidden=\"true\"><\/span><\/div><article class=\"article-icon-entry av-iconlist-empty\"  itemscope=\"itemscope\" itemtype=\"https:\/\/schema.org\/CreativeWork\" ><div class=\"iconlist_content_wrap\"><header class=\"entry-content-header\" aria-label=\"Ic\u00f4ne : Tous nos b\u00e9n\u00e9fices sont destin\u00e9s \u00e0 la promotion des entreprises locales\"><h4 class='av_iconlist_title iconlist_title  av_inherit_color'  itemprop=\"headline\" >Tous nos b\u00e9n\u00e9fices sont destin\u00e9s \u00e0 la promotion des entreprises locales<\/h4><\/header><div class='iconlist_content '  itemprop=\"text\" ><\/div><\/div><footer class=\"entry-footer\"><\/footer><\/article><div class=\"iconlist-timeline\"><\/div><\/li>\n<li><div class='iconlist_icon av-19zb7-9d95c769cb652bde01138fa44977a3e2 avia-font-entypo-fontello avia-iconfont avia-font-entypo-fontello'><span class='av-icon-char' data-av_icon='\ue812' data-av_iconfont='entypo-fontello' aria-hidden=\"true\"><\/span><\/div><article class=\"article-icon-entry av-iconlist-empty\"  itemscope=\"itemscope\" itemtype=\"https:\/\/schema.org\/CreativeWork\" ><div class=\"iconlist_content_wrap\"><header class=\"entry-content-header\" aria-label=\"Ic\u00f4ne : Offres disponibles pour les restaurants, les boutiques, les commerces de services, et plus encore!\"><h4 class='av_iconlist_title iconlist_title  av_inherit_color'  itemprop=\"headline\" >Offres disponibles pour les restaurants, les boutiques, les commerces de services, et plus encore!<\/h4><\/header><div class='iconlist_content '  itemprop=\"text\" ><\/div><\/div><footer class=\"entry-footer\"><\/footer><\/article><div class=\"iconlist-timeline\"><\/div><\/li>\n<\/ul><\/div><br \/>\n<div  class='avia-button-wrap av-klciwdao-2b7af474a005b1a832a06806aee5975d-wrap avia-button-center  avia-builder-el-5  el_after_av_iconlist  el_before_av_textblock '><a href='\/fr\/register\/monkland-village-annuel\/'  class='avia-button av-klciwdao-2b7af474a005b1a832a06806aee5975d av-link-btn avia-icon_select-no avia-size-small avia-position-center avia-color-theme-color'   aria-label=\"Abonnez-vous pour moins de 5 $\/mois*.\"><span class='avia_iconbox_title' >Abonnez-vous pour moins de 5 $\/mois*.<\/span><\/a><\/div><br \/>\n\n<style type=\"text\/css\" data-created_by=\"avia_inline_auto\" id=\"style-css-av-khlaykrn-84c5af5cacc2828fbd6f0ccf9491e9ab\">\n#top .av_textblock_section.av-khlaykrn-84c5af5cacc2828fbd6f0ccf9491e9ab .avia_textblock{\ncolor:#000000;\n}\n<\/style>\n<section  class='av_textblock_section av-khlaykrn-84c5af5cacc2828fbd6f0ccf9491e9ab '   itemscope=\"itemscope\" itemtype=\"https:\/\/schema.org\/CreativeWork\" ><div class='avia_textblock av_inherit_color'  itemprop=\"text\" ><p style=\"text-align: center;\">*\u00a0Avec un abonnement annuel.<\/p>\n<\/div><\/section><\/p><\/div><\/div><!--close column table wrapper. Autoclose: 1 -->\n<div class='flex_column_table av-klcip5kb-faf0279f6a13c4d81401cc2c5fc4155a sc-av_one_half av-equal-height-column-flextable'>\n<style type=\"text\/css\" data-created_by=\"avia_inline_auto\" id=\"style-css-av-klcip5kb-faf0279f6a13c4d81401cc2c5fc4155a\">\n.flex_column.av-klcip5kb-faf0279f6a13c4d81401cc2c5fc4155a{\nborder-radius:0px 0px 0px 0px;\npadding:0px 0px 0px 0px;\n}\n<\/style>\n<div  class='flex_column av-klcip5kb-faf0279f6a13c4d81401cc2c5fc4155a av_one_half  avia-builder-el-7  el_after_av_one_full  el_before_av_one_half  first flex_column_table_cell av-equal-height-column av-align-middle av-animated-generic bottom-to-top av-zero-column-padding  column-top-margin'     ><p>\n<style type=\"text\/css\" data-created_by=\"avia_inline_auto\" id=\"style-css-av-klcio8xo-fe9045d922608eb2563ebc7a87924dbc\">\n#top .av-special-heading.av-klcio8xo-fe9045d922608eb2563ebc7a87924dbc{\npadding-bottom:10px;\n}\nbody .av-special-heading.av-klcio8xo-fe9045d922608eb2563ebc7a87924dbc .av-special-heading-tag .heading-char{\nfont-size:25px;\n}\n.av-special-heading.av-klcio8xo-fe9045d922608eb2563ebc7a87924dbc .av-subheading{\nfont-size:15px;\n}\n<\/style>\n<div  class='av-special-heading av-klcio8xo-fe9045d922608eb2563ebc7a87924dbc av-special-heading-h3 blockquote modern-quote  avia-builder-el-8  el_before_av_textblock  avia-builder-el-first '><h3 class='av-special-heading-tag '  itemprop=\"headline\"  >Pourquoi s\u2019abonner et devenir membre de Coupon Village<\/h3><div class=\"special-heading-border\"><div class=\"special-heading-inner-border\"><\/div><\/div><\/div><br \/>\n<section  class='av_textblock_section av-klcioyjs-e951375603496691d261ae7d7f3958bc '   itemscope=\"itemscope\" itemtype=\"https:\/\/schema.org\/CreativeWork\" ><div class='avia_textblock'  itemprop=\"text\" ><p>La COVID-19 a eu des r\u00e9percussions sur de nombreuses compagnies et vous avez probablement vu vos entreprises locales pr\u00e9f\u00e9r\u00e9es fermer, perdre des clients et devoir licencier du personnel. Vous ne devez pas rester les bras crois\u00e9s et laisser cela se produire \u2013\u00a0<strong>\u00a0vous pouvez acheter local et apporter votre soutien<\/strong>!<\/p>\n<p>L&rsquo;initiative Coupon Village a \u00e9t\u00e9 cr\u00e9\u00e9e pour que vous puissiez \u00eatre un super h\u00e9ros local et vous permettre de soutenir les entreprises locales de NDG et du Village Monkland \u00e0 partir d&rsquo;un seul endroit simple et pratique. Coupon Village vous permet d&rsquo;en savoir plus sur les entreprises voisines, y compris les entreprises dirig\u00e9es par des personnes noires, que vous pouvez soutenir au lieu des grandes surfaces. Sur notre plateforme, vous trouverez des offres et des rabais exceptionnels que vous ne verrez litt\u00e9ralement nulle part ailleurs ! <strong>\u00c0 vos marques, pr\u00eats, achetez local et \u00e9conomisez<\/strong>!\u00a0 Sachez que chaque fois que vous d\u00e9pensez localement, vous aidez les entreprises \u00e0 rester \u00e0 flot et \u00e0 embaucher du personnel dans la communaut\u00e9 du Village Monkland et Notre-Dame-de-Gr\u00e2ce. Et la meilleure chose dans tout \u00e7a? Tous les b\u00e9n\u00e9fices des frais d&rsquo;abonnement servent \u00e0 promouvoir vos entreprises pr\u00e9f\u00e9r\u00e9es.<\/p>\n<\/div><\/section><\/p><\/div>\n<div class='av-flex-placeholder'><\/div>\n<style type=\"text\/css\" data-created_by=\"avia_inline_auto\" id=\"style-css-av-klcip5kb-8928e78dd38bc3c52a661760a46418e5\">\n.flex_column.av-klcip5kb-8928e78dd38bc3c52a661760a46418e5{\nborder-radius:0px 0px 0px 0px;\npadding:0px 0px 0px 0px;\n}\n<\/style>\n<div  class='flex_column av-klcip5kb-8928e78dd38bc3c52a661760a46418e5 av_one_half  avia-builder-el-10  el_after_av_one_half  avia-builder-el-last  flex_column_table_cell av-equal-height-column av-align-middle av-animated-generic bottom-to-top av-zero-column-padding  column-top-margin'     ><p>\n<style type=\"text\/css\" data-created_by=\"avia_inline_auto\" id=\"style-css-av-klsfoomf-3c88dc711a0c5b596d3651c521c64cd5\">\n.avia-image-container.av-klsfoomf-3c88dc711a0c5b596d3651c521c64cd5 img.avia_image{\nbox-shadow:none;\n}\n.avia-image-container.av-klsfoomf-3c88dc711a0c5b596d3651c521c64cd5 .av-image-caption-overlay-center{\ncolor:#ffffff;\n}\n<\/style>\n<div  class='avia-image-container av-klsfoomf-3c88dc711a0c5b596d3651c521c64cd5 av-styling-circle avia-align-center  avia-builder-el-11  el_before_av_heading  avia-builder-el-first '   itemprop=\"image\" itemscope=\"itemscope\" itemtype=\"https:\/\/schema.org\/ImageObject\" ><div class=\"avia-image-container-inner\"><div class=\"avia-image-overlay-wrap\"><img decoding=\"async\" fetchpriority=\"high\" class='wp-image-500 avia-img-lazy-loading-not-500 avia_image ' src=\"https:\/\/www.couponvillage.ca\/wp-content\/uploads\/2020\/12\/monkland3-300x225.jpg\" alt='' title='monkland3'  height=\"225\" width=\"300\"  itemprop=\"thumbnailUrl\" srcset=\"https:\/\/www.couponvillage.ca\/wp-content\/uploads\/2020\/12\/monkland3-300x225.jpg 300w, https:\/\/www.couponvillage.ca\/wp-content\/uploads\/2020\/12\/monkland3.jpg 640w\" sizes=\"(max-width: 300px) 100vw, 300px\" \/><\/div><\/div><\/div><br \/>\n\n<style type=\"text\/css\" data-created_by=\"avia_inline_auto\" id=\"style-css-av-knafqmuo-ad91b1f7bc8fed243ed5320a4ba38c4d\">\n#top .av-special-heading.av-knafqmuo-ad91b1f7bc8fed243ed5320a4ba38c4d{\npadding-bottom:10px;\n}\nbody .av-special-heading.av-knafqmuo-ad91b1f7bc8fed243ed5320a4ba38c4d .av-special-heading-tag .heading-char{\nfont-size:25px;\n}\n.av-special-heading.av-knafqmuo-ad91b1f7bc8fed243ed5320a4ba38c4d .av-subheading{\nfont-size:15px;\n}\n<\/style>\n<div  class='av-special-heading av-knafqmuo-ad91b1f7bc8fed243ed5320a4ba38c4d av-special-heading-h3 blockquote modern-quote  avia-builder-el-12  el_after_av_image  el_before_av_textblock '><h3 class='av-special-heading-tag '  itemprop=\"headline\"  >Qui est Coupon Village?<\/h3><div class=\"special-heading-border\"><div class=\"special-heading-inner-border\"><\/div><\/div><\/div><br \/>\n<section  class='av_textblock_section av-klcioyjs-e951375603496691d261ae7d7f3958bc '   itemscope=\"itemscope\" itemtype=\"https:\/\/schema.org\/CreativeWork\" ><div class='avia_textblock'  itemprop=\"text\" ><p>Notre fondateur est un r\u00e9sident local noir et un entrepreneur qui cherche \u00e0 redonner \u00e0 la communaut\u00e9 de Notre-Dame-de-Gr\u00e2ce. Il souhaite que tous les revenus des abonn\u00e9s sont revers\u00e9s \u00e0 la promotion des entreprises au niveau local.<\/p>\n<p>Notre fondateur a vu de ses propres yeux \u00e0 quel point la COVID-19 a frapp\u00e9 durement de nombreuses petites entreprises. Les restrictions combin\u00e9es \u00e0 un manque de temps pour le marketing num\u00e9rique et la gestion des relations client ont rendu de nombreuses entreprises locales vuln\u00e9rables. C&rsquo;est de ce chaos qu&rsquo;est n\u00e9e l&rsquo;id\u00e9e de Coupon Village, une entreprise sociale dont l&rsquo;objectif est de cr\u00e9er une approche moderne et philanthropique des promotions marchand-consommateur (B2C).<\/p>\n<\/div><\/section><\/p><\/div><\/div><!--close column table wrapper. Autoclose: 1 -->\n","protected":false},"excerpt":{"rendered":"","protected":false},"author":1,"featured_media":0,"parent":0,"menu_order":0,"comment_status":"closed","ping_status":"closed","template":"","meta":{"footnotes":""},"class_list":["post-292","page","type-page","status-publish","hentry"],"yoast_head":"<!-- This site is optimized with the Yoast SEO plugin v26.8 - https:\/\/yoast.com\/product\/yoast-seo-wordpress\/ -->\n<title>Options d&#039;abonnement - Coupon Village<\/title>\n<meta name=\"robots\" content=\"index, follow, max-snippet:-1, max-image-preview:large, max-video-preview:-1\" \/>\n<link rel=\"canonical\" href=\"https:\/\/www.couponvillage.ca\/fr\/subscription-options\/\" \/>\n<meta property=\"og:locale\" content=\"fr_FR\" \/>\n<meta property=\"og:type\" content=\"article\" \/>\n<meta property=\"og:title\" content=\"Options d&#039;abonnement - Coupon Village\" \/>\n<meta property=\"og:url\" content=\"https:\/\/www.couponvillage.ca\/fr\/subscription-options\/\" \/>\n<meta property=\"og:site_name\" content=\"Coupon Village\" \/>\n<meta property=\"article:modified_time\" content=\"2021-04-16T19:18:00+00:00\" \/>\n<meta name=\"twitter:card\" content=\"summary_large_image\" \/>\n<meta name=\"twitter:label1\" content=\"Dur\u00e9e de lecture estim\u00e9e\" \/>\n\t<meta name=\"twitter:data1\" content=\"8 minutes\" \/>\n<script type=\"application\/ld+json\" class=\"yoast-schema-graph\">{\"@context\":\"https:\/\/schema.org\",\"@graph\":[{\"@type\":\"WebPage\",\"@id\":\"https:\/\/www.couponvillage.ca\/fr\/subscription-options\/\",\"url\":\"https:\/\/www.couponvillage.ca\/fr\/subscription-options\/\",\"name\":\"Options d'abonnement - Coupon Village\",\"isPartOf\":{\"@id\":\"https:\/\/www.couponvillage.ca\/fr\/#website\"},\"datePublished\":\"2020-11-17T01:49:04+00:00\",\"dateModified\":\"2021-04-16T19:18:00+00:00\",\"breadcrumb\":{\"@id\":\"https:\/\/www.couponvillage.ca\/fr\/subscription-options\/#breadcrumb\"},\"inLanguage\":\"fr-FR\",\"potentialAction\":[{\"@type\":\"ReadAction\",\"target\":[\"https:\/\/www.couponvillage.ca\/fr\/subscription-options\/\"]}]},{\"@type\":\"BreadcrumbList\",\"@id\":\"https:\/\/www.couponvillage.ca\/fr\/subscription-options\/#breadcrumb\",\"itemListElement\":[{\"@type\":\"ListItem\",\"position\":1,\"name\":\"Home\",\"item\":\"https:\/\/www.couponvillage.ca\/fr\/\"},{\"@type\":\"ListItem\",\"position\":2,\"name\":\"Options d&rsquo;abonnement\"}]},{\"@type\":\"WebSite\",\"@id\":\"https:\/\/www.couponvillage.ca\/fr\/#website\",\"url\":\"https:\/\/www.couponvillage.ca\/fr\/\",\"name\":\"Coupon Village\",\"description\":\"Local Coupon Savings for the Monkland Village\",\"publisher\":{\"@id\":\"https:\/\/www.couponvillage.ca\/fr\/#organization\"},\"potentialAction\":[{\"@type\":\"SearchAction\",\"target\":{\"@type\":\"EntryPoint\",\"urlTemplate\":\"https:\/\/www.couponvillage.ca\/fr\/?s={search_term_string}\"},\"query-input\":{\"@type\":\"PropertyValueSpecification\",\"valueRequired\":true,\"valueName\":\"search_term_string\"}}],\"inLanguage\":\"fr-FR\"},{\"@type\":\"Organization\",\"@id\":\"https:\/\/www.couponvillage.ca\/fr\/#organization\",\"name\":\"Coupon Village\",\"url\":\"https:\/\/www.couponvillage.ca\/fr\/\",\"logo\":{\"@type\":\"ImageObject\",\"inLanguage\":\"fr-FR\",\"@id\":\"https:\/\/www.couponvillage.ca\/fr\/#\/schema\/logo\/image\/\",\"url\":\"https:\/\/www.couponvillage.ca\/wp-content\/uploads\/2020\/11\/Coupon-Village-H-Background-Red-PNG.png\",\"contentUrl\":\"https:\/\/www.couponvillage.ca\/wp-content\/uploads\/2020\/11\/Coupon-Village-H-Background-Red-PNG.png\",\"width\":727,\"height\":313,\"caption\":\"Coupon Village\"},\"image\":{\"@id\":\"https:\/\/www.couponvillage.ca\/fr\/#\/schema\/logo\/image\/\"}}]}<\/script>\n<!-- \/ Yoast SEO plugin. -->","yoast_head_json":{"title":"Options d'abonnement - Coupon Village","robots":{"index":"index","follow":"follow","max-snippet":"max-snippet:-1","max-image-preview":"max-image-preview:large","max-video-preview":"max-video-preview:-1"},"canonical":"https:\/\/www.couponvillage.ca\/fr\/subscription-options\/","og_locale":"fr_FR","og_type":"article","og_title":"Options d'abonnement - Coupon Village","og_url":"https:\/\/www.couponvillage.ca\/fr\/subscription-options\/","og_site_name":"Coupon Village","article_modified_time":"2021-04-16T19:18:00+00:00","twitter_card":"summary_large_image","twitter_misc":{"Dur\u00e9e de lecture estim\u00e9e":"8 minutes"},"schema":{"@context":"https:\/\/schema.org","@graph":[{"@type":"WebPage","@id":"https:\/\/www.couponvillage.ca\/fr\/subscription-options\/","url":"https:\/\/www.couponvillage.ca\/fr\/subscription-options\/","name":"Options d'abonnement - Coupon Village","isPartOf":{"@id":"https:\/\/www.couponvillage.ca\/fr\/#website"},"datePublished":"2020-11-17T01:49:04+00:00","dateModified":"2021-04-16T19:18:00+00:00","breadcrumb":{"@id":"https:\/\/www.couponvillage.ca\/fr\/subscription-options\/#breadcrumb"},"inLanguage":"fr-FR","potentialAction":[{"@type":"ReadAction","target":["https:\/\/www.couponvillage.ca\/fr\/subscription-options\/"]}]},{"@type":"BreadcrumbList","@id":"https:\/\/www.couponvillage.ca\/fr\/subscription-options\/#breadcrumb","itemListElement":[{"@type":"ListItem","position":1,"name":"Home","item":"https:\/\/www.couponvillage.ca\/fr\/"},{"@type":"ListItem","position":2,"name":"Options d&rsquo;abonnement"}]},{"@type":"WebSite","@id":"https:\/\/www.couponvillage.ca\/fr\/#website","url":"https:\/\/www.couponvillage.ca\/fr\/","name":"Coupon Village","description":"Local Coupon Savings for the Monkland Village","publisher":{"@id":"https:\/\/www.couponvillage.ca\/fr\/#organization"},"potentialAction":[{"@type":"SearchAction","target":{"@type":"EntryPoint","urlTemplate":"https:\/\/www.couponvillage.ca\/fr\/?s={search_term_string}"},"query-input":{"@type":"PropertyValueSpecification","valueRequired":true,"valueName":"search_term_string"}}],"inLanguage":"fr-FR"},{"@type":"Organization","@id":"https:\/\/www.couponvillage.ca\/fr\/#organization","name":"Coupon Village","url":"https:\/\/www.couponvillage.ca\/fr\/","logo":{"@type":"ImageObject","inLanguage":"fr-FR","@id":"https:\/\/www.couponvillage.ca\/fr\/#\/schema\/logo\/image\/","url":"https:\/\/www.couponvillage.ca\/wp-content\/uploads\/2020\/11\/Coupon-Village-H-Background-Red-PNG.png","contentUrl":"https:\/\/www.couponvillage.ca\/wp-content\/uploads\/2020\/11\/Coupon-Village-H-Background-Red-PNG.png","width":727,"height":313,"caption":"Coupon Village"},"image":{"@id":"https:\/\/www.couponvillage.ca\/fr\/#\/schema\/logo\/image\/"}}]}},"_links":{"self":[{"href":"https:\/\/www.couponvillage.ca\/fr\/wp-json\/wp\/v2\/pages\/292","targetHints":{"allow":["GET"]}}],"collection":[{"href":"https:\/\/www.couponvillage.ca\/fr\/wp-json\/wp\/v2\/pages"}],"about":[{"href":"https:\/\/www.couponvillage.ca\/fr\/wp-json\/wp\/v2\/types\/page"}],"author":[{"embeddable":true,"href":"https:\/\/www.couponvillage.ca\/fr\/wp-json\/wp\/v2\/users\/1"}],"replies":[{"embeddable":true,"href":"https:\/\/www.couponvillage.ca\/fr\/wp-json\/wp\/v2\/comments?post=292"}],"version-history":[{"count":10,"href":"https:\/\/www.couponvillage.ca\/fr\/wp-json\/wp\/v2\/pages\/292\/revisions"}],"predecessor-version":[{"id":295,"href":"https:\/\/www.couponvillage.ca\/fr\/wp-json\/wp\/v2\/pages\/292\/revisions\/295"}],"wp:attachment":[{"href":"https:\/\/www.couponvillage.ca\/fr\/wp-json\/wp\/v2\/media?parent=292"}],"curies":[{"name":"wp","href":"https:\/\/api.w.org\/{rel}","templated":true}]}}