{"id":166,"date":"2020-11-16T10:20:38","date_gmt":"2020-11-16T15:20:38","guid":{"rendered":"https:\/\/www.couponvillage.ca\/?page_id=166"},"modified":"2020-11-24T15:51:42","modified_gmt":"2020-11-24T20:51:42","slug":"contactez-nous","status":"publish","type":"page","link":"https:\/\/www.couponvillage.ca\/fr\/contactez-nous\/","title":{"rendered":"Contactez-nous"},"content":{"rendered":"\n<style type=\"text\/css\" data-created_by=\"avia_inline_auto\" id=\"style-css-av-9wvcm-adf5f65c0ed6db6507ef8c093bb06c2c\">\n.flex_column.av-9wvcm-adf5f65c0ed6db6507ef8c093bb06c2c{\nborder-radius:0px 0px 0px 0px;\npadding:0px 0px 0px 0px;\n}\n<\/style>\n<div  class='flex_column av-9wvcm-adf5f65c0ed6db6507ef8c093bb06c2c av_one_full  avia-builder-el-0  el_before_av_contact  avia-builder-el-first  first flex_column_div av-zero-column-padding  '     ><p>\n<style type=\"text\/css\" data-created_by=\"avia_inline_auto\" id=\"style-css-av-av_heading-fd39b0a5e5a6e315e3f4c7f678324875\">\n#top .av-special-heading.av-av_heading-fd39b0a5e5a6e315e3f4c7f678324875{\npadding-bottom:10px;\n}\nbody .av-special-heading.av-av_heading-fd39b0a5e5a6e315e3f4c7f678324875 .av-special-heading-tag .heading-char{\nfont-size:25px;\n}\n.av-special-heading.av-av_heading-fd39b0a5e5a6e315e3f4c7f678324875 .av-subheading{\nfont-size:15px;\n}\n<\/style>\n<div  class='av-special-heading av-av_heading-fd39b0a5e5a6e315e3f4c7f678324875 av-special-heading-h3  avia-builder-el-1  el_before_av_textblock  avia-builder-el-first '><h3 class='av-special-heading-tag '  itemprop=\"headline\"  >Contactez-nous<\/h3><div class=\"special-heading-border\"><div class=\"special-heading-inner-border\"><\/div><\/div><\/div><br \/>\n<section  class='av_textblock_section av-khkp2uiu-3f5ec9aeddea69c16ba104ba6a1f8a37 '   itemscope=\"itemscope\" itemtype=\"https:\/\/schema.org\/CreativeWork\" ><div class='avia_textblock'  itemprop=\"text\" ><p>Pour plus d&rsquo;informations sur nos forfaits d&rsquo;abonnement, devenir marchand ou support, veuillez remplir le formulaire ci-dessous. Ou vous pouvez nous envoyer un courriel \u00e0 <a href=\"m&#97;&#105;&#x6c;&#x74;&#x6f;:h&#101;&#108;&#x6c;&#x6f;&#x40;c&#111;&#117;&#112;&#x6f;&#x6e;&#x76;i&#108;&#108;&#x61;&#x67;&#x65;&#46;c&#97;\">&#104;&#101;&#x6c;&#x6c;&#111;&#64;&#x63;&#x6f;&#117;&#112;&#x6f;&#x6e;&#118;&#105;&#x6c;&#x6c;&#97;&#103;&#x65;&#x2e;&#99;&#97;<\/a><\/p>\n<\/div><\/section><\/p><\/div><form action=\"https:\/\/www.couponvillage.ca\/fr\/contactez-nous\/\" method=\"post\" data-fields-with-error=\"Erreurs trouv\u00e9es dans les champs suivants :\" class=\"avia_ajax_form av-form-labels-visible   avia-builder-el-3  el_after_av_one_full  avia-builder-el-last   \" data-avia-form-id=\"1\" data-avia-redirect='' ><h3 class=''>Envoyez-nous votre question<\/h3><fieldset><p class='  first_form  form_element form_fullwidth' id='element_avia_1_1'><label for=\"avia_1_1\">Nom <abbr class=\"required\" title=\"requis(e)\">*<\/abbr><\/label> <input name=\"avia_1_1\" class=\"text_input is_empty\" type=\"text\" id=\"avia_1_1\" value=\"\" \/><\/p><p class='  first_form  form_element form_fullwidth' id='element_avia_2_1'><label for=\"avia_2_1\">Nom de l\u2019entreprise (le cas \u00e9ch\u00e9ant)<\/label> <input name=\"avia_2_1\" class=\"text_input \" type=\"text\" id=\"avia_2_1\" value=\"\" \/><\/p><p class='  first_form  form_element form_fullwidth' id='element_avia_3_1'><label for=\"avia_3_1\">Courriel <abbr class=\"required\" title=\"requis(e)\">*<\/abbr><\/label> <input name=\"avia_3_1\" class=\"text_input is_email\" type=\"text\" id=\"avia_3_1\" value=\"\" \/><\/p><p class='  first_form  form_element form_fullwidth' id='element_avia_4_1'><label for=\"avia_4_1\">Num\u00e9ro de t\u00e9l\u00e9phone <abbr class=\"required\" title=\"requis(e)\">*<\/abbr><\/label> <input name=\"avia_4_1\" class=\"text_input is_phone\" type=\"text\" id=\"avia_4_1\" value=\"\" \/><\/p><p class='  first_form  form_element form_fullwidth' id='element_avia_5_1'><label for=\"avia_5_1\">Subject <abbr class=\"required\" title=\"requis(e)\">*<\/abbr><\/label> <input name=\"avia_5_1\" class=\"text_input is_empty\" type=\"text\" id=\"avia_5_1\" value=\"\" \/><\/p><p class='  first_form  form_element form_fullwidth' id='element_avia_6_1'><label for=\"avia_6_1\" class=\"textare_label hidden textare_label_avia_6_1\">Message <abbr class=\"required\" title=\"requis(e)\">*<\/abbr><\/label><textarea  name=\"avia_6_1\" class=\"text_area is_empty\" cols=\"40\" rows=\"7\" id=\"avia_6_1\" ><\/textarea><\/p><p class=\"hidden\"><input type=\"text\" name=\"avia_7_1\" class=\"hidden \" id=\"avia_7_1\" value=\"\" \/><\/p><p class='   form_element form_fullwidth' id='element_avia_8_1'><span class='value_verifier_label'>1 + 7 = ?<\/span><input name=\"avia_8_1_verifier\" type=\"hidden\" id=\"avia_8_1_verifier\" value=\"847846443\"\/><label for=\"avia_8_1\">Merci de prouver que vous \u00eates un humain en donnant le r\u00e9sultat de cette op\u00e9ration <abbr class=\"required\" title=\"requis(e)\">*<\/abbr><\/label><input name=\"avia_8_1\" class=\"text_input captcha\" type=\"text\" id=\"avia_8_1\" value=\"\"\/><\/p><p class=\"form_element \"><input type=\"hidden\" value=\"1\" name=\"avia_generated_form1\" \/><input type=\"submit\" value=\"Soumettre\" class=\"button\"  data-sending-label=\"Envoi\"\/><\/p><\/fieldset><\/form><div id=\"ajaxresponse_1\" class=\"ajaxresponse ajaxresponse_1 hidden\"><\/div><\/p>\n","protected":false},"excerpt":{"rendered":"","protected":false},"author":1,"featured_media":0,"parent":0,"menu_order":0,"comment_status":"closed","ping_status":"closed","template":"","meta":{"footnotes":""},"class_list":["post-166","page","type-page","status-publish","hentry"],"yoast_head":"<!-- This site is optimized with the Yoast SEO plugin v26.8 - https:\/\/yoast.com\/product\/yoast-seo-wordpress\/ -->\n<title>Contactez-nous - Coupon Village<\/title>\n<meta name=\"robots\" content=\"index, follow, max-snippet:-1, max-image-preview:large, max-video-preview:-1\" \/>\n<link rel=\"canonical\" href=\"https:\/\/www.couponvillage.ca\/fr\/contactez-nous\/\" \/>\n<meta property=\"og:locale\" content=\"fr_FR\" \/>\n<meta property=\"og:type\" content=\"article\" \/>\n<meta property=\"og:title\" content=\"Contactez-nous - Coupon Village\" \/>\n<meta property=\"og:url\" content=\"https:\/\/www.couponvillage.ca\/fr\/contactez-nous\/\" \/>\n<meta property=\"og:site_name\" content=\"Coupon Village\" \/>\n<meta property=\"article:modified_time\" content=\"2020-11-24T20:51:42+00:00\" \/>\n<meta name=\"twitter:card\" content=\"summary_large_image\" \/>\n<meta name=\"twitter:label1\" content=\"Dur\u00e9e de lecture estim\u00e9e\" \/>\n\t<meta name=\"twitter:data1\" content=\"3 minutes\" \/>\n<script type=\"application\/ld+json\" class=\"yoast-schema-graph\">{\"@context\":\"https:\/\/schema.org\",\"@graph\":[{\"@type\":\"WebPage\",\"@id\":\"https:\/\/www.couponvillage.ca\/fr\/contactez-nous\/\",\"url\":\"https:\/\/www.couponvillage.ca\/fr\/contactez-nous\/\",\"name\":\"Contactez-nous - Coupon Village\",\"isPartOf\":{\"@id\":\"https:\/\/www.couponvillage.ca\/fr\/#website\"},\"datePublished\":\"2020-11-16T15:20:38+00:00\",\"dateModified\":\"2020-11-24T20:51:42+00:00\",\"breadcrumb\":{\"@id\":\"https:\/\/www.couponvillage.ca\/fr\/contactez-nous\/#breadcrumb\"},\"inLanguage\":\"fr-FR\",\"potentialAction\":[{\"@type\":\"ReadAction\",\"target\":[\"https:\/\/www.couponvillage.ca\/fr\/contactez-nous\/\"]}]},{\"@type\":\"BreadcrumbList\",\"@id\":\"https:\/\/www.couponvillage.ca\/fr\/contactez-nous\/#breadcrumb\",\"itemListElement\":[{\"@type\":\"ListItem\",\"position\":1,\"name\":\"Home\",\"item\":\"https:\/\/www.couponvillage.ca\/fr\/\"},{\"@type\":\"ListItem\",\"position\":2,\"name\":\"Contactez-nous\"}]},{\"@type\":\"WebSite\",\"@id\":\"https:\/\/www.couponvillage.ca\/fr\/#website\",\"url\":\"https:\/\/www.couponvillage.ca\/fr\/\",\"name\":\"Coupon Village\",\"description\":\"Local Coupon Savings for the Monkland Village\",\"publisher\":{\"@id\":\"https:\/\/www.couponvillage.ca\/fr\/#organization\"},\"potentialAction\":[{\"@type\":\"SearchAction\",\"target\":{\"@type\":\"EntryPoint\",\"urlTemplate\":\"https:\/\/www.couponvillage.ca\/fr\/?s={search_term_string}\"},\"query-input\":{\"@type\":\"PropertyValueSpecification\",\"valueRequired\":true,\"valueName\":\"search_term_string\"}}],\"inLanguage\":\"fr-FR\"},{\"@type\":\"Organization\",\"@id\":\"https:\/\/www.couponvillage.ca\/fr\/#organization\",\"name\":\"Coupon Village\",\"url\":\"https:\/\/www.couponvillage.ca\/fr\/\",\"logo\":{\"@type\":\"ImageObject\",\"inLanguage\":\"fr-FR\",\"@id\":\"https:\/\/www.couponvillage.ca\/fr\/#\/schema\/logo\/image\/\",\"url\":\"https:\/\/www.couponvillage.ca\/wp-content\/uploads\/2020\/11\/Coupon-Village-H-Background-Red-PNG.png\",\"contentUrl\":\"https:\/\/www.couponvillage.ca\/wp-content\/uploads\/2020\/11\/Coupon-Village-H-Background-Red-PNG.png\",\"width\":727,\"height\":313,\"caption\":\"Coupon Village\"},\"image\":{\"@id\":\"https:\/\/www.couponvillage.ca\/fr\/#\/schema\/logo\/image\/\"}}]}<\/script>\n<!-- \/ Yoast SEO plugin. -->","yoast_head_json":{"title":"Contactez-nous - Coupon Village","robots":{"index":"index","follow":"follow","max-snippet":"max-snippet:-1","max-image-preview":"max-image-preview:large","max-video-preview":"max-video-preview:-1"},"canonical":"https:\/\/www.couponvillage.ca\/fr\/contactez-nous\/","og_locale":"fr_FR","og_type":"article","og_title":"Contactez-nous - Coupon Village","og_url":"https:\/\/www.couponvillage.ca\/fr\/contactez-nous\/","og_site_name":"Coupon Village","article_modified_time":"2020-11-24T20:51:42+00:00","twitter_card":"summary_large_image","twitter_misc":{"Dur\u00e9e de lecture estim\u00e9e":"3 minutes"},"schema":{"@context":"https:\/\/schema.org","@graph":[{"@type":"WebPage","@id":"https:\/\/www.couponvillage.ca\/fr\/contactez-nous\/","url":"https:\/\/www.couponvillage.ca\/fr\/contactez-nous\/","name":"Contactez-nous - Coupon Village","isPartOf":{"@id":"https:\/\/www.couponvillage.ca\/fr\/#website"},"datePublished":"2020-11-16T15:20:38+00:00","dateModified":"2020-11-24T20:51:42+00:00","breadcrumb":{"@id":"https:\/\/www.couponvillage.ca\/fr\/contactez-nous\/#breadcrumb"},"inLanguage":"fr-FR","potentialAction":[{"@type":"ReadAction","target":["https:\/\/www.couponvillage.ca\/fr\/contactez-nous\/"]}]},{"@type":"BreadcrumbList","@id":"https:\/\/www.couponvillage.ca\/fr\/contactez-nous\/#breadcrumb","itemListElement":[{"@type":"ListItem","position":1,"name":"Home","item":"https:\/\/www.couponvillage.ca\/fr\/"},{"@type":"ListItem","position":2,"name":"Contactez-nous"}]},{"@type":"WebSite","@id":"https:\/\/www.couponvillage.ca\/fr\/#website","url":"https:\/\/www.couponvillage.ca\/fr\/","name":"Coupon Village","description":"Local Coupon Savings for the Monkland Village","publisher":{"@id":"https:\/\/www.couponvillage.ca\/fr\/#organization"},"potentialAction":[{"@type":"SearchAction","target":{"@type":"EntryPoint","urlTemplate":"https:\/\/www.couponvillage.ca\/fr\/?s={search_term_string}"},"query-input":{"@type":"PropertyValueSpecification","valueRequired":true,"valueName":"search_term_string"}}],"inLanguage":"fr-FR"},{"@type":"Organization","@id":"https:\/\/www.couponvillage.ca\/fr\/#organization","name":"Coupon Village","url":"https:\/\/www.couponvillage.ca\/fr\/","logo":{"@type":"ImageObject","inLanguage":"fr-FR","@id":"https:\/\/www.couponvillage.ca\/fr\/#\/schema\/logo\/image\/","url":"https:\/\/www.couponvillage.ca\/wp-content\/uploads\/2020\/11\/Coupon-Village-H-Background-Red-PNG.png","contentUrl":"https:\/\/www.couponvillage.ca\/wp-content\/uploads\/2020\/11\/Coupon-Village-H-Background-Red-PNG.png","width":727,"height":313,"caption":"Coupon Village"},"image":{"@id":"https:\/\/www.couponvillage.ca\/fr\/#\/schema\/logo\/image\/"}}]}},"_links":{"self":[{"href":"https:\/\/www.couponvillage.ca\/fr\/wp-json\/wp\/v2\/pages\/166","targetHints":{"allow":["GET"]}}],"collection":[{"href":"https:\/\/www.couponvillage.ca\/fr\/wp-json\/wp\/v2\/pages"}],"about":[{"href":"https:\/\/www.couponvillage.ca\/fr\/wp-json\/wp\/v2\/types\/page"}],"author":[{"embeddable":true,"href":"https:\/\/www.couponvillage.ca\/fr\/wp-json\/wp\/v2\/users\/1"}],"replies":[{"embeddable":true,"href":"https:\/\/www.couponvillage.ca\/fr\/wp-json\/wp\/v2\/comments?post=166"}],"version-history":[{"count":4,"href":"https:\/\/www.couponvillage.ca\/fr\/wp-json\/wp\/v2\/pages\/166\/revisions"}],"predecessor-version":[{"id":435,"href":"https:\/\/www.couponvillage.ca\/fr\/wp-json\/wp\/v2\/pages\/166\/revisions\/435"}],"wp:attachment":[{"href":"https:\/\/www.couponvillage.ca\/fr\/wp-json\/wp\/v2\/media?parent=166"}],"curies":[{"name":"wp","href":"https:\/\/api.w.org\/{rel}","templated":true}]}}